{"id":17,"date":"2023-04-10T14:06:36","date_gmt":"2023-04-10T12:06:36","guid":{"rendered":"http:\/\/borowydworek.pl\/?page_id=17"},"modified":"2023-05-12T11:49:10","modified_gmt":"2023-05-12T09:49:10","slug":"przetwory-marynowane","status":"publish","type":"page","link":"https:\/\/borowydworek.pl\/?page_id=17","title":{"rendered":"Przetwory marynowane"},"content":{"rendered":"\t\t<div data-elementor-type=\"wp-page\" data-elementor-id=\"17\" class=\"elementor elementor-17\">\n\t\t\t\t\t\t\t\t\t<section class=\"elementor-section elementor-top-section elementor-element elementor-element-506019a elementor-section-full_width elementor-section-height-default elementor-section-height-default\" data-id=\"506019a\" data-element_type=\"section\">\n\t\t\t\t\t\t<div class=\"elementor-container elementor-column-gap-default\">\n\t\t\t\t\t<div class=\"elementor-column elementor-col-100 elementor-top-column elementor-element elementor-element-7ece905\" data-id=\"7ece905\" data-element_type=\"column\">\n\t\t\t<div class=\"elementor-widget-wrap elementor-element-populated\">\n\t\t\t\t\t\t\t\t<div class=\"elementor-element elementor-element-17cf7b5 elementor-widget__width-initial elementor-widget elementor-widget-text-editor\" data-id=\"17cf7b5\" data-element_type=\"widget\" data-widget_type=\"text-editor.default\">\n\t\t\t\t<div class=\"elementor-widget-container\">\n\t\t\t<style>\/*! elementor - v3.12.1 - 02-04-2023 *\/\n.elementor-widget-text-editor.elementor-drop-cap-view-stacked .elementor-drop-cap{background-color:#69727d;color:#fff}.elementor-widget-text-editor.elementor-drop-cap-view-framed .elementor-drop-cap{color:#69727d;border:3px solid;background-color:transparent}.elementor-widget-text-editor:not(.elementor-drop-cap-view-default) .elementor-drop-cap{margin-top:8px}.elementor-widget-text-editor:not(.elementor-drop-cap-view-default) .elementor-drop-cap-letter{width:1em;height:1em}.elementor-widget-text-editor .elementor-drop-cap{float:left;text-align:center;line-height:1;font-size:50px}.elementor-widget-text-editor .elementor-drop-cap-letter{display:inline-block}<\/style>\t\t\t\t<p>Og\u00f3rki Kartuskie 840g<\/p><p>Og\u00f3rki Kartuskie Dworskie 800g<\/p><p>Og\u00f3rki konserwowe 860g<\/p><p>Og\u00f3rki konserwowe z pomidorami 680g<\/p><p>Og\u00f3rki zak\u0105skowe 670g<\/p><p>Og\u00f3rki zak\u0105skowe w musztardzie 650g<\/p><p>Og\u00f3rki zak\u0105skowe Dworskie 830g<\/p><p>Pikle z cukinii 680g<\/p><p>Pikle og\u00f3rkowe z curry nowo\u015b\u0107! 500g<\/p><p>Papryka 3 kolory 680g<\/p><p>Papryka \u017c\u00f3\u0142to \u2013 czerwona 650g<\/p><p>Papryka konserwowa 860g<\/p><p>Papryka na miodzie z chilli 680g<\/p><p>Papryczki chilli 270g<\/p><p>Sa\u0142atka Kartuska \u2013 og\u00f3rki z papryk\u0105 850g<\/p><p>Sa\u0142atka z buraczk\u00f3w i papryki 840g<\/p><p>Sa\u0142atka Ukrai\u0144ska (zielone pomidory) 850g<\/p><p>Sa\u0142atka po W\u0119giersku 850g<\/p><p>Sa\u0142atka z cukinii 680g<\/p><p>Sa\u0142atka Dworkowa (z kiszonek z chilli) 520g<\/p><p>Sa\u0142atka z kiszonych og\u00f3rk\u00f3w i buraczk\u00f3w nowo\u015b\u0107! 500g<\/p><p>Sa\u0142atka z kiszonych og\u00f3rk\u00f3w i cebuli nowo\u015b\u0107! 500g<\/p><p>Sa\u0142atka z kiszonych og\u00f3rk\u00f3w i papryki chili nowo\u015b\u0107! 500g<\/p><p>Sa\u0142atka Kiszewska z kszonych pomidor\u00f3w nowo\u015b\u0107! 500g<\/p><p>Przysmak Dworski 480g<\/p><p>Pomidorki w zio\u0142ach 480g<\/p><p>Kapusta czerwona z jab\u0142kiem 680g<\/p><p>Buraczki \u0107wik\u0142owe wi\u00f3rki 470g<\/p><p>Buraczki zasma\u017cane 470g<\/p><p>Buraczki po Kaszubsku plastry 460g<\/p><p>\u0106wik\u0142a z chrzanem 300g<\/p><p>Chrzan Dworkowy (na cytrynie) 240g<\/p><p>Szczaw konserwowy 290g<\/p><p>Pieczarki marynowana 280g<\/p>\t\t\t\t\t\t<\/div>\n\t\t\t\t<\/div>\n\t\t\t\t\t<\/div>\n\t\t<\/div>\n\t\t\t\t\t\t\t<\/div>\n\t\t<\/section>\n\t\t\t\t\t\t\t<\/div>\n\t\t","protected":false},"excerpt":{"rendered":"<p>Og\u00f3rki Kartuskie 840g Og\u00f3rki Kartuskie Dworskie 800g Og\u00f3rki konserwowe 860g Og\u00f3rki konserwowe z pomidorami 680g Og\u00f3rki zak\u0105skowe 670g Og\u00f3rki zak\u0105skowe w musztardzie 650g Og\u00f3rki zak\u0105skowe Dworskie 830g Pikle z cukinii 680g Pikle og\u00f3rkowe z curry nowo\u015b\u0107! 500g Papryka 3 kolory 680g Papryka \u017c\u00f3\u0142to \u2013 czerwona 650g Papryka konserwowa 860g Papryka na miodzie z chilli 680g [&hellip;]<\/p>\n","protected":false},"author":1,"featured_media":0,"parent":0,"menu_order":0,"comment_status":"closed","ping_status":"closed","template":"","meta":{"footnotes":""},"class_list":["post-17","page","type-page","status-publish","hentry","entry"],"yoast_head":"<!-- This site is optimized with the Yoast SEO plugin v20.4 - https:\/\/yoast.com\/wordpress\/plugins\/seo\/ -->\n<title>Przetwory marynowane - Borowy Dworek<\/title>\n<meta name=\"robots\" content=\"index, follow, max-snippet:-1, max-image-preview:large, max-video-preview:-1\" \/>\n<link rel=\"canonical\" href=\"https:\/\/borowydworek.pl\/?page_id=17\" \/>\n<meta property=\"og:locale\" content=\"pl_PL\" \/>\n<meta property=\"og:type\" content=\"article\" \/>\n<meta property=\"og:title\" content=\"Przetwory marynowane - Borowy Dworek\" \/>\n<meta property=\"og:description\" content=\"Og\u00f3rki Kartuskie 840g Og\u00f3rki Kartuskie Dworskie 800g Og\u00f3rki konserwowe 860g Og\u00f3rki konserwowe z pomidorami 680g Og\u00f3rki zak\u0105skowe 670g Og\u00f3rki zak\u0105skowe w musztardzie 650g Og\u00f3rki zak\u0105skowe Dworskie 830g Pikle z cukinii 680g Pikle og\u00f3rkowe z curry nowo\u015b\u0107! 500g Papryka 3 kolory 680g Papryka \u017c\u00f3\u0142to \u2013 czerwona 650g Papryka konserwowa 860g Papryka na miodzie z chilli 680g [&hellip;]\" \/>\n<meta property=\"og:url\" content=\"https:\/\/borowydworek.pl\/?page_id=17\" \/>\n<meta property=\"og:site_name\" content=\"Borowy Dworek\" \/>\n<meta property=\"article:modified_time\" content=\"2023-05-12T09:49:10+00:00\" \/>\n<meta name=\"twitter:card\" content=\"summary_large_image\" \/>\n<meta name=\"twitter:label1\" content=\"Szacowany czas czytania\" \/>\n\t<meta name=\"twitter:data1\" content=\"1 minuta\" \/>\n<script type=\"application\/ld+json\" class=\"yoast-schema-graph\">{\"@context\":\"https:\/\/schema.org\",\"@graph\":[{\"@type\":\"WebPage\",\"@id\":\"https:\/\/borowydworek.pl\/?page_id=17\",\"url\":\"https:\/\/borowydworek.pl\/?page_id=17\",\"name\":\"Przetwory marynowane - Borowy Dworek\",\"isPartOf\":{\"@id\":\"https:\/\/borowydworek.pl\/#website\"},\"datePublished\":\"2023-04-10T12:06:36+00:00\",\"dateModified\":\"2023-05-12T09:49:10+00:00\",\"breadcrumb\":{\"@id\":\"https:\/\/borowydworek.pl\/?page_id=17#breadcrumb\"},\"inLanguage\":\"pl-PL\",\"potentialAction\":[{\"@type\":\"ReadAction\",\"target\":[\"https:\/\/borowydworek.pl\/?page_id=17\"]}]},{\"@type\":\"BreadcrumbList\",\"@id\":\"https:\/\/borowydworek.pl\/?page_id=17#breadcrumb\",\"itemListElement\":[{\"@type\":\"ListItem\",\"position\":1,\"name\":\"Home\",\"item\":\"https:\/\/borowydworek.pl\/\"},{\"@type\":\"ListItem\",\"position\":2,\"name\":\"Przetwory marynowane\"}]},{\"@type\":\"WebSite\",\"@id\":\"https:\/\/borowydworek.pl\/#website\",\"url\":\"https:\/\/borowydworek.pl\/\",\"name\":\"Borowy Dworek\",\"description\":\"Naturalne przetwory owocowe i warzywne. Bez dodatku sztucznych konserwant\u00f3w.\",\"publisher\":{\"@id\":\"https:\/\/borowydworek.pl\/#organization\"},\"potentialAction\":[{\"@type\":\"SearchAction\",\"target\":{\"@type\":\"EntryPoint\",\"urlTemplate\":\"https:\/\/borowydworek.pl\/?s={search_term_string}\"},\"query-input\":\"required name=search_term_string\"}],\"inLanguage\":\"pl-PL\"},{\"@type\":\"Organization\",\"@id\":\"https:\/\/borowydworek.pl\/#organization\",\"name\":\"Borowy Dworek\",\"url\":\"https:\/\/borowydworek.pl\/\",\"logo\":{\"@type\":\"ImageObject\",\"inLanguage\":\"pl-PL\",\"@id\":\"https:\/\/borowydworek.pl\/#\/schema\/logo\/image\/\",\"url\":\"https:\/\/borowydworek.pl\/wp-content\/uploads\/2023\/04\/logo-3.jpg\",\"contentUrl\":\"https:\/\/borowydworek.pl\/wp-content\/uploads\/2023\/04\/logo-3.jpg\",\"width\":1200,\"height\":200,\"caption\":\"Borowy Dworek\"},\"image\":{\"@id\":\"https:\/\/borowydworek.pl\/#\/schema\/logo\/image\/\"}}]}<\/script>\n<!-- \/ Yoast SEO plugin. -->","yoast_head_json":{"title":"Przetwory marynowane - Borowy Dworek","robots":{"index":"index","follow":"follow","max-snippet":"max-snippet:-1","max-image-preview":"max-image-preview:large","max-video-preview":"max-video-preview:-1"},"canonical":"https:\/\/borowydworek.pl\/?page_id=17","og_locale":"pl_PL","og_type":"article","og_title":"Przetwory marynowane - Borowy Dworek","og_description":"Og\u00f3rki Kartuskie 840g Og\u00f3rki Kartuskie Dworskie 800g Og\u00f3rki konserwowe 860g Og\u00f3rki konserwowe z pomidorami 680g Og\u00f3rki zak\u0105skowe 670g Og\u00f3rki zak\u0105skowe w musztardzie 650g Og\u00f3rki zak\u0105skowe Dworskie 830g Pikle z cukinii 680g Pikle og\u00f3rkowe z curry nowo\u015b\u0107! 500g Papryka 3 kolory 680g Papryka \u017c\u00f3\u0142to \u2013 czerwona 650g Papryka konserwowa 860g Papryka na miodzie z chilli 680g [&hellip;]","og_url":"https:\/\/borowydworek.pl\/?page_id=17","og_site_name":"Borowy Dworek","article_modified_time":"2023-05-12T09:49:10+00:00","twitter_card":"summary_large_image","twitter_misc":{"Szacowany czas czytania":"1 minuta"},"schema":{"@context":"https:\/\/schema.org","@graph":[{"@type":"WebPage","@id":"https:\/\/borowydworek.pl\/?page_id=17","url":"https:\/\/borowydworek.pl\/?page_id=17","name":"Przetwory marynowane - Borowy Dworek","isPartOf":{"@id":"https:\/\/borowydworek.pl\/#website"},"datePublished":"2023-04-10T12:06:36+00:00","dateModified":"2023-05-12T09:49:10+00:00","breadcrumb":{"@id":"https:\/\/borowydworek.pl\/?page_id=17#breadcrumb"},"inLanguage":"pl-PL","potentialAction":[{"@type":"ReadAction","target":["https:\/\/borowydworek.pl\/?page_id=17"]}]},{"@type":"BreadcrumbList","@id":"https:\/\/borowydworek.pl\/?page_id=17#breadcrumb","itemListElement":[{"@type":"ListItem","position":1,"name":"Home","item":"https:\/\/borowydworek.pl\/"},{"@type":"ListItem","position":2,"name":"Przetwory marynowane"}]},{"@type":"WebSite","@id":"https:\/\/borowydworek.pl\/#website","url":"https:\/\/borowydworek.pl\/","name":"Borowy Dworek","description":"Naturalne przetwory owocowe i warzywne. Bez dodatku sztucznych konserwant\u00f3w.","publisher":{"@id":"https:\/\/borowydworek.pl\/#organization"},"potentialAction":[{"@type":"SearchAction","target":{"@type":"EntryPoint","urlTemplate":"https:\/\/borowydworek.pl\/?s={search_term_string}"},"query-input":"required name=search_term_string"}],"inLanguage":"pl-PL"},{"@type":"Organization","@id":"https:\/\/borowydworek.pl\/#organization","name":"Borowy Dworek","url":"https:\/\/borowydworek.pl\/","logo":{"@type":"ImageObject","inLanguage":"pl-PL","@id":"https:\/\/borowydworek.pl\/#\/schema\/logo\/image\/","url":"https:\/\/borowydworek.pl\/wp-content\/uploads\/2023\/04\/logo-3.jpg","contentUrl":"https:\/\/borowydworek.pl\/wp-content\/uploads\/2023\/04\/logo-3.jpg","width":1200,"height":200,"caption":"Borowy Dworek"},"image":{"@id":"https:\/\/borowydworek.pl\/#\/schema\/logo\/image\/"}}]}},"_links":{"self":[{"href":"https:\/\/borowydworek.pl\/index.php?rest_route=\/wp\/v2\/pages\/17","targetHints":{"allow":["GET"]}}],"collection":[{"href":"https:\/\/borowydworek.pl\/index.php?rest_route=\/wp\/v2\/pages"}],"about":[{"href":"https:\/\/borowydworek.pl\/index.php?rest_route=\/wp\/v2\/types\/page"}],"author":[{"embeddable":true,"href":"https:\/\/borowydworek.pl\/index.php?rest_route=\/wp\/v2\/users\/1"}],"replies":[{"embeddable":true,"href":"https:\/\/borowydworek.pl\/index.php?rest_route=%2Fwp%2Fv2%2Fcomments&post=17"}],"version-history":[{"count":25,"href":"https:\/\/borowydworek.pl\/index.php?rest_route=\/wp\/v2\/pages\/17\/revisions"}],"predecessor-version":[{"id":228,"href":"https:\/\/borowydworek.pl\/index.php?rest_route=\/wp\/v2\/pages\/17\/revisions\/228"}],"wp:attachment":[{"href":"https:\/\/borowydworek.pl\/index.php?rest_route=%2Fwp%2Fv2%2Fmedia&parent=17"}],"curies":[{"name":"wp","href":"https:\/\/api.w.org\/{rel}","templated":true}]}}